{"id":2915,"date":"2023-11-10T16:58:39","date_gmt":"2023-11-10T16:58:39","guid":{"rendered":"https:\/\/treffer.com.br\/?page_id=2915"},"modified":"2026-03-19T10:18:24","modified_gmt":"2026-03-19T10:18:24","slug":"robos-autonomos-fabricacao-propria","status":"publish","type":"page","link":"https:\/\/treffer.com.br\/en\/robotica\/robos-autonomos-fabricacao-propria\/","title":{"rendered":"Autonomous Robots - Own Manufactured"},"content":{"rendered":"<div class=\"wpb-content-wrapper\"><div class=\"vc_row wpb_row vc_row-fluid vc_custom_1698704967180\"><div class=\"wpb_column vc_column_container vc_col-sm-12\"><div class=\"vc_column-inner\"><div class=\"wpb_wrapper\">\n\t<div class=\"wpb_text_column wpb_content_element\" >\n\t\t<div class=\"wpb_wrapper\">\n\t\t\t<h2 class=\"\" data-start=\"223\" data-end=\"294\"><strong data-start=\"226\" data-end=\"294\">T-Bot \u2013 Plataforma rob\u00f3tica inteligente para inspe\u00e7\u00e3o e manuseio<\/strong><\/h2>\n<p class=\"\" data-start=\"296\" data-end=\"682\">A Treffer apresenta o <strong data-start=\"318\" data-end=\"327\">T-Bot<\/strong>, uma plataforma rob\u00f3tica terrestre de alto desempenho projetada para operar em ambientes cr\u00edticos e desafiadores. Fabricado no Brasil, o T-Bot \u00e9 uma solu\u00e7\u00e3o vers\u00e1til e robusta voltada para <strong data-start=\"517\" data-end=\"604\">inspe\u00e7\u00f5es remotas, transporte de cargas leves, mapeamentos e a\u00e7\u00f5es de monitoramento<\/strong> em locais onde a presen\u00e7a humana representa risco ou limita\u00e7\u00f5es operacionais.<\/p>\n<p class=\"\" data-start=\"684\" data-end=\"1141\">Desenvolvido com tecnologia modular, o T-Bot pode ser equipado com <strong data-start=\"751\" data-end=\"788\">rodas ou esteiras intercambi\u00e1veis<\/strong>, adaptando-se com facilidade a diferentes terrenos \u2014 como lama, cascalho, poeira, escadas e corredores estreitos. A plataforma ainda permite a integra\u00e7\u00e3o com <strong data-start=\"947\" data-end=\"1056\">sensores ambientais, c\u00e2meras de alta defini\u00e7\u00e3o, t\u00e9rmicas e 360\u00b0, al\u00e9m de bra\u00e7os rob\u00f3ticos multifuncionais<\/strong> para manuseio de objetos, coleta de amostras ou realiza\u00e7\u00e3o de tarefas automatizadas.<\/p>\n\n\t\t<\/div>\n\t<\/div>\n<\/div><\/div><\/div><\/div><div class=\"vc_row wpb_row vc_row-fluid\"><div class=\"wpb_column vc_column_container vc_col-sm-12\"><div class=\"vc_column-inner\"><div class=\"wpb_wrapper\"><div id=\"ultimate-video-446369e00f880cc8f\" class=\"ult-video  ult-adjust-bottom-margin ultimate-video-446369e00f880cc8f ultv-1438\"><div class=\"ultv-video ultv-aspect-ratio-16_9 ultv-subscribe-responsive-none\" data-videotype=\"uv_iframe\">\n\t\t\t\t\t\t<div class=\"ultv-video__outer-wrap\" data-autoplay=\"1\" data-device=\"false\"  data-iconbg=\"#3A3A3A\" data-overcolor=\"\" data-defaultbg=\"#1f1f1e\" data-defaultplay=\"defaulticon\"><div class=\"ultv-video__play\" data-src=\"https:\/\/www.youtube.com\/embed\/MGSLyO-PNsU?autoplay=1&#038;rel=0&#038;start&#038;end&#038;controls=1&#038;mute=1&#038;modestbranding=0&#038;autoplay=1\">\n\t\t\t\t\t\t\t\t<img decoding=\"async\" class=\"ultv-video__thumb\" src=\"https:\/\/treffer.com.br\/wp-content\/uploads\/2023\/11\/hqdefault.webp\"\/>\n\t\t\t\t\t\t\t\t<div class=\"ultv-video__play-icon  ultv-animation-none\" style=\"width:75px\"><svg height=\"100%\" version=\"1.1\" viewbox=\"0 0 68 48\" width=\"100%\"><path class=\"ultv-youtube-icon-bg\" d=\"m .66,37.62 c 0,0 .66,4.70 2.70,6.77 2.58,2.71 5.98,2.63 7.49,2.91 5.43,.52 23.10,.68 23.12,.68 .00,-1.3e-5 14.29,-0.02 23.81,-0.71 1.32,-0.15 4.22,-0.17 6.81,-2.89 2.03,-2.07 2.70,-6.77 2.70,-6.77 0,0 .67,-5.52 .67,-11.04 l 0,-5.17 c 0,-5.52 -0.67,-11.04 -0.67,-11.04 0,0 -0.66,-4.70 -2.70,-6.77 C 62.03,.86 59.13,.84 57.80,.69 48.28,0 34.00,0 34.00,0 33.97,0 19.69,0 10.18,.69 8.85,.84 5.95,.86 3.36,3.58 1.32,5.65 .66,10.35 .66,10.35 c 0,0 -0.55,4.50 -0.66,9.45 l 0,8.36 c .10,4.94 .66,9.45 .66,9.45 z\" fill=\"#1f1f1e\" ><\/path><path d=\"m 26.96,13.67 18.37,9.62 -18.37,9.55 -0.00,-19.17 z\" fill=\"#fff\"><\/path><path d=\"M 45.02,23.46 45.32,23.28 26.96,13.67 43.32,22.34 45.02,23.46 z\" fill=\"#ccc\"><\/path><\/svg><\/div> <\/div> <\/div><\/div><\/div><\/div><\/div><\/div><\/div><div class=\"vc_row wpb_row vc_row-fluid vc_custom_1698704967180\"><div class=\"wpb_column vc_column_container vc_col-sm-12\"><div class=\"vc_column-inner\"><div class=\"wpb_wrapper\">\n\t<div class=\"wpb_text_column wpb_content_element\" >\n\t\t<div class=\"wpb_wrapper\">\n\t\t\t<h3 class=\"\" data-start=\"1143\" data-end=\"1161\"><strong data-start=\"1147\" data-end=\"1161\">Applications<\/strong><\/h3>\n<p class=\"\" data-start=\"1162\" data-end=\"1234\">O T-Bot pode ser utilizado nos mais diversos setores, com destaque para:<\/p>\n<ul data-start=\"1235\" data-end=\"1809\">\n<li class=\"\" data-start=\"1235\" data-end=\"1366\">\n<p class=\"\" data-start=\"1237\" data-end=\"1366\"><strong data-start=\"1237\" data-end=\"1251\">Minera\u00e7\u00e3o:<\/strong> inspe\u00e7\u00e3o de galerias, transportadores de correia, escava\u00e7\u00f5es e \u00e1reas com risco de desabamento ou ac\u00famulo de gases.<\/p>\n<\/li>\n<li class=\"\" data-start=\"1367\" data-end=\"1475\">\n<p class=\"\" data-start=\"1369\" data-end=\"1475\"><strong data-start=\"1369\" data-end=\"1388\">Petr\u00f3leo e G\u00e1s:<\/strong> acesso a \u00e1reas offshore e refinarias com risco de explos\u00e3o ou alto \u00edndice de corros\u00e3o.<\/p>\n<\/li>\n<li class=\"\" data-start=\"1476\" data-end=\"1561\">\n<p class=\"\" data-start=\"1478\" data-end=\"1561\"><strong data-start=\"1478\" data-end=\"1498\">Energia Nuclear:<\/strong> interven\u00e7\u00e3o em zonas de risco radiol\u00f3gico com total seguran\u00e7a.<\/p>\n<\/li>\n<li class=\"\" data-start=\"1562\" data-end=\"1682\">\n<p class=\"\" data-start=\"1564\" data-end=\"1682\"><strong data-start=\"1564\" data-end=\"1592\">Agricultura de Precis\u00e3o:<\/strong> mapeamento de \u00e1reas, an\u00e1lise de solo, inspe\u00e7\u00e3o de lavouras em terrenos de dif\u00edcil acesso.<\/p>\n<\/li>\n<li class=\"\" data-start=\"1683\" data-end=\"1809\">\n<p class=\"\" data-start=\"1685\" data-end=\"1809\"><strong data-start=\"1685\" data-end=\"1708\">Defesa e Seguran\u00e7a:<\/strong> miss\u00f5es remotas de reconhecimento, apoio log\u00edstico e a\u00e7\u00f5es t\u00e1ticas em \u00e1reas de conflito ou desastre.<\/p>\n<\/li>\n<\/ul>\n<h3 class=\"\" data-start=\"1811\" data-end=\"1839\"><strong data-start=\"1815\" data-end=\"1839\">Embedded Technology<\/strong><\/h3>\n<ul data-start=\"1920\" data-end=\"2186\">\n<li class=\"\" data-start=\"1920\" data-end=\"1977\">\n<p class=\"\" data-start=\"1922\" data-end=\"1977\"><strong data-start=\"1922\" data-end=\"1977\">Navega\u00e7\u00e3o aut\u00f4noma ou controle remoto em tempo real<\/strong><\/p>\n<\/li>\n<li class=\"\" data-start=\"1978\" data-end=\"2053\">\n<p class=\"\" data-start=\"1980\" data-end=\"2053\"><strong data-start=\"1980\" data-end=\"2053\">Processamento local de dados e integra\u00e7\u00e3o com redes privadas ou 4G\/5G<\/strong><\/p>\n<\/li>\n<li class=\"\" data-start=\"2054\" data-end=\"2108\">\n<p class=\"\" data-start=\"2056\" data-end=\"2108\"><strong data-start=\"2056\" data-end=\"2108\">Capacidade de comunica\u00e7\u00e3o segura e criptografada<\/strong><\/p>\n<\/li>\n<li class=\"\" data-start=\"2109\" data-end=\"2186\">\n<p class=\"\" data-start=\"2111\" data-end=\"2186\"><strong data-start=\"2111\" data-end=\"2186\">Compatibilidade com sistemas de IA, mapeamento SLAM e piloto autom\u00e1tico<br \/>\n<\/strong><\/p>\n<\/li>\n<\/ul>\n\n\t\t<\/div>\n\t<\/div>\n<\/div><\/div><\/div><\/div><div class=\"vc_row wpb_row vc_row-fluid vc_custom_1701979095929\"><div class=\"wpb_column vc_column_container vc_col-sm-12\"><div class=\"vc_column-inner\"><div class=\"wpb_wrapper\"><style type=\"text\/css\" data-type=\"the7_shortcodes-inline-css\">.carousel-shortcode.carousel-shortcode-id-6baabffc13cfef4bcd0e4c2fcc79059b.owl-carousel .owl-nav div {\n  width: 22px;\n  height: 80px;\n  border-radius: 0px;\n}\n.dt-arrow-border-on.carousel-shortcode.carousel-shortcode-id-6baabffc13cfef4bcd0e4c2fcc79059b.owl-carousel .owl-nav div:not(:hover):before {\n  border-width: 0px;\n}\n.dt-arrow-hover-border-on.carousel-shortcode.carousel-shortcode-id-6baabffc13cfef4bcd0e4c2fcc79059b.owl-carousel .owl-nav div:hover:after {\n  border-width: 0px;\n}\n.arrows-bg-on.carousel-shortcode.carousel-shortcode-id-6baabffc13cfef4bcd0e4c2fcc79059b.owl-carousel .owl-nav div:before {\n  background: #1444bb;\n}\n.arrows-hover-bg-on.carousel-shortcode.carousel-shortcode-id-6baabffc13cfef4bcd0e4c2fcc79059b.owl-carousel .owl-nav div:after {\n  background: #1444bb;\n}\n.carousel-shortcode.carousel-shortcode-id-6baabffc13cfef4bcd0e4c2fcc79059b.owl-carousel .owl-nav div.owl-prev {\n  top: 50%;\n  transform: translateY(calc(-50% + 0px));\n  left: 0px;\n}\n@media all and (-ms-high-contrast: none) {\n  .carousel-shortcode.carousel-shortcode-id-6baabffc13cfef4bcd0e4c2fcc79059b.owl-carousel .owl-nav div.owl-prev {\n    transform: translateY(-50%);\n    margin-top: 0px;\n  }\n}\n.carousel-shortcode.carousel-shortcode-id-6baabffc13cfef4bcd0e4c2fcc79059b.owl-carousel .owl-nav div.owl-prev i {\n  padding: 0px 0px 0px 0px;\n}\n.carousel-shortcode.carousel-shortcode-id-6baabffc13cfef4bcd0e4c2fcc79059b.owl-carousel .owl-nav div.owl-next {\n  top: 50%;\n  transform: translateY(calc(-50% + 0px));\n  right: 0px;\n}\n@media all and (-ms-high-contrast: none) {\n  .carousel-shortcode.carousel-shortcode-id-6baabffc13cfef4bcd0e4c2fcc79059b.owl-carousel .owl-nav div.owl-next {\n    transform: translateY(-50%);\n    margin-top: 0px;\n  }\n}\n.carousel-shortcode.carousel-shortcode-id-6baabffc13cfef4bcd0e4c2fcc79059b.owl-carousel .owl-nav div.owl-next i {\n  padding: 0px 0px 0px 0px;\n}\n.carousel-shortcode.carousel-shortcode-id-6baabffc13cfef4bcd0e4c2fcc79059b.owl-carousel .owl-nav i {\n  font-size: 18px;\n}\n.carousel-shortcode.carousel-shortcode-id-6baabffc13cfef4bcd0e4c2fcc79059b.owl-carousel .owl-nav div:not(:hover) i,\n.carousel-shortcode.carousel-shortcode-id-6baabffc13cfef4bcd0e4c2fcc79059b.owl-carousel .owl-nav div:not(:hover) i:before {\n  color: #ffffff;\n  background: none;\n}\n.carousel-shortcode.carousel-shortcode-id-6baabffc13cfef4bcd0e4c2fcc79059b.owl-carousel .owl-nav div:hover i,\n.carousel-shortcode.carousel-shortcode-id-6baabffc13cfef4bcd0e4c2fcc79059b.owl-carousel .owl-nav div:hover i:before {\n  color: #ffffff;\n  background: none;\n}\n.carousel-shortcode.carousel-shortcode-id-6baabffc13cfef4bcd0e4c2fcc79059b .owl-dots {\n  top: calc(100% + 20px);\n  left: 50%;\n  transform: translateX(calc(-50% + 0px));\n}\n@media all and (-ms-high-contrast: none) {\n  .carousel-shortcode.carousel-shortcode-id-6baabffc13cfef4bcd0e4c2fcc79059b .owl-dots {\n    transform: translateX(-50%);\n    margin-left: 0px;\n  }\n}\n.carousel-shortcode.carousel-shortcode-id-6baabffc13cfef4bcd0e4c2fcc79059b .owl-dot {\n  width: 10px;\n  height: 10px;\n  margin: 0 8px;\n}\n@media screen and (max-width: 778px) {\n  .carousel-shortcode.carousel-shortcode-id-6baabffc13cfef4bcd0e4c2fcc79059b.hide-arrows .owl-nav a {\n    display: none;\n  }\n}\n@media screen and (max-width: 778px) {\n  .carousel-shortcode.carousel-shortcode-id-6baabffc13cfef4bcd0e4c2fcc79059b.reposition-arrows .owl-nav div.owl-prev {\n    top: 50%;\n    transform: translateY(calc(-50% + 0px));\n    left: 10px;\n  }\n  .carousel-shortcode.carousel-shortcode-id-6baabffc13cfef4bcd0e4c2fcc79059b.reposition-arrows .owl-nav div.owl-next {\n    top: 50%;\n    transform: translateY(calc(-50% + 0px));\n    right: 10px;\n  }\n}\n@media screen and (max-width: 778px) and all and (-ms-high-contrast: none) {\n  .carousel-shortcode.carousel-shortcode-id-6baabffc13cfef4bcd0e4c2fcc79059b.reposition-arrows .owl-nav div.owl-prev {\n    transform: translateY(-50%);\n    margin-top: 0px;\n  }\n}\n@media screen and (max-width: 778px) and all and (-ms-high-contrast: none) {\n  .carousel-shortcode.carousel-shortcode-id-6baabffc13cfef4bcd0e4c2fcc79059b.reposition-arrows .owl-nav div.owl-next {\n    transform: translateY(-50%);\n    margin-top: 0px;\n  }\n}<\/style><div class=\"owl-carousel carousel-shortcode dt-owl-carousel-call carousel-shortcode-id-6baabffc13cfef4bcd0e4c2fcc79059b bullets-small-dot-stroke arrows-bg-on dt-arrow-border-on dt-arrow-hover-border-on disable-arrows-hover-bg arrows-hover-bg-on  vc_custom_1701980104955\" data-scroll-mode=\"1\" data-col-num=\"4\" data-wide-col-num=\"5\" data-laptop-col=\"4\" data-h-tablet-columns-num=\"4\" data-v-tablet-columns-num=\"4\" data-phone-columns-num=\"3\" data-auto-height=\"true\" data-col-gap=\"15\" data-stage-padding=\"0\" data-speed=\"300\" data-autoplay=\"true\" data-autoplay_speed=\"3000\" data-arrows=\"true\" data-bullet=\"false\" data-next-icon=\"icon-ar-017-r\" data-prev-icon=\"icon-ar-017-l\">\n\t<div  class=\"wpb_single_image wpb_content_element vc_align_center\">\n\t\t\n\t\t<figure class=\"wpb_wrapper vc_figure\">\n\t\t\t<a href=\"https:\/\/treffer.com.br\/wp-content\/uploads\/2026\/03\/t_bot_treffer_01.jpg\" target=\"_self\" data-large_image_width=\"600\" data-large_image_height=\"600\"  class=\"vc_single_image-wrapper   vc_box_border_grey layzr-bg dt-pswp-item\"   ><img decoding=\"async\" class=\"lazy-load vc_single_image-img\" src=\"data:image\/svg+xml;charset=utf-8,%3Csvg xmlns%3D'http%3A%2F%2Fwww.w3.org%2F2000%2Fsvg' viewBox%3D'0 0 400 300'%2F%3E\" data-src=\"https:\/\/treffer.com.br\/wp-content\/uploads\/2026\/03\/t_bot_treffer_01-400x300.jpg\" width=\"400\" height=\"300\" alt=\"t_bot_treffer_01\" title=\"t_bot_treffer_01\" loading=\"lazy\"  data-dt-location=\"https:\/\/treffer.com.br\/en\/robotica\/robos-autonomos-fabricacao-propria\/t_bot_treffer_01\/\" \/><\/a>\n\t\t<\/figure>\n\t<\/div>\n\n\t<div  class=\"wpb_single_image wpb_content_element vc_align_center\">\n\t\t\n\t\t<figure class=\"wpb_wrapper vc_figure\">\n\t\t\t<a href=\"https:\/\/treffer.com.br\/wp-content\/uploads\/2026\/03\/t_bot_treffer_02.jpg\" target=\"_self\" data-large_image_width=\"600\" data-large_image_height=\"600\"  class=\"vc_single_image-wrapper   vc_box_border_grey layzr-bg dt-pswp-item\"   ><img decoding=\"async\" class=\"lazy-load vc_single_image-img\" src=\"data:image\/svg+xml;charset=utf-8,%3Csvg xmlns%3D'http%3A%2F%2Fwww.w3.org%2F2000%2Fsvg' viewBox%3D'0 0 400 300'%2F%3E\" data-src=\"https:\/\/treffer.com.br\/wp-content\/uploads\/2026\/03\/t_bot_treffer_02-400x300.jpg\" width=\"400\" height=\"300\" alt=\"t_bot_treffer_02\" title=\"t_bot_treffer_02\" loading=\"lazy\"  data-dt-location=\"https:\/\/treffer.com.br\/en\/robotica\/robos-autonomos-fabricacao-propria\/t_bot_treffer_02\/\" \/><\/a>\n\t\t<\/figure>\n\t<\/div>\n\n\t<div  class=\"wpb_single_image wpb_content_element vc_align_center\">\n\t\t\n\t\t<figure class=\"wpb_wrapper vc_figure\">\n\t\t\t<a href=\"https:\/\/treffer.com.br\/wp-content\/uploads\/2026\/03\/t_bot_treffer_03.jpg\" target=\"_self\" data-large_image_width=\"600\" data-large_image_height=\"600\"  class=\"vc_single_image-wrapper   vc_box_border_grey layzr-bg dt-pswp-item\"   ><img decoding=\"async\" class=\"lazy-load vc_single_image-img\" src=\"data:image\/svg+xml;charset=utf-8,%3Csvg xmlns%3D'http%3A%2F%2Fwww.w3.org%2F2000%2Fsvg' viewBox%3D'0 0 400 300'%2F%3E\" data-src=\"https:\/\/treffer.com.br\/wp-content\/uploads\/2026\/03\/t_bot_treffer_03-400x300.jpg\" width=\"400\" height=\"300\" alt=\"t_bot_treffer_03\" title=\"t_bot_treffer_03\" loading=\"lazy\"  data-dt-location=\"https:\/\/treffer.com.br\/en\/robotica\/robos-autonomos-fabricacao-propria\/t_bot_treffer_03\/\" \/><\/a>\n\t\t<\/figure>\n\t<\/div>\n\n\t<div  class=\"wpb_single_image wpb_content_element vc_align_center\">\n\t\t\n\t\t<figure class=\"wpb_wrapper vc_figure\">\n\t\t\t<a href=\"https:\/\/treffer.com.br\/wp-content\/uploads\/2026\/03\/t_bot_treffer_04.jpg\" target=\"_self\" data-large_image_width=\"600\" data-large_image_height=\"600\"  class=\"vc_single_image-wrapper   vc_box_border_grey layzr-bg dt-pswp-item\"   ><img decoding=\"async\" class=\"lazy-load vc_single_image-img\" src=\"data:image\/svg+xml;charset=utf-8,%3Csvg xmlns%3D'http%3A%2F%2Fwww.w3.org%2F2000%2Fsvg' viewBox%3D'0 0 400 300'%2F%3E\" data-src=\"https:\/\/treffer.com.br\/wp-content\/uploads\/2026\/03\/t_bot_treffer_04-400x300.jpg\" width=\"400\" height=\"300\" alt=\"t_bot_treffer_04\" title=\"t_bot_treffer_04\" loading=\"lazy\"  data-dt-location=\"https:\/\/treffer.com.br\/en\/robotica\/robos-autonomos-fabricacao-propria\/t_bot_treffer_04\/\" \/><\/a>\n\t\t<\/figure>\n\t<\/div>\n\n\t<div  class=\"wpb_single_image wpb_content_element vc_align_center\">\n\t\t\n\t\t<figure class=\"wpb_wrapper vc_figure\">\n\t\t\t<a href=\"https:\/\/treffer.com.br\/wp-content\/uploads\/2026\/03\/t_bot_treffer_05.jpg\" target=\"_self\" data-large_image_width=\"600\" data-large_image_height=\"600\"  class=\"vc_single_image-wrapper   vc_box_border_grey layzr-bg dt-pswp-item\"   ><img decoding=\"async\" class=\"lazy-load vc_single_image-img\" src=\"data:image\/svg+xml;charset=utf-8,%3Csvg xmlns%3D'http%3A%2F%2Fwww.w3.org%2F2000%2Fsvg' viewBox%3D'0 0 400 300'%2F%3E\" data-src=\"https:\/\/treffer.com.br\/wp-content\/uploads\/2026\/03\/t_bot_treffer_05-400x300.jpg\" width=\"400\" height=\"300\" alt=\"t_bot_treffer_05\" title=\"t_bot_treffer_05\" loading=\"lazy\"  data-dt-location=\"https:\/\/treffer.com.br\/en\/robotica\/robos-autonomos-fabricacao-propria\/t_bot_treffer_05\/\" \/><\/a>\n\t\t<\/figure>\n\t<\/div>\n\n\t<div  class=\"wpb_single_image wpb_content_element vc_align_center\">\n\t\t\n\t\t<figure class=\"wpb_wrapper vc_figure\">\n\t\t\t<a href=\"https:\/\/treffer.com.br\/wp-content\/uploads\/2026\/03\/t_bot_treffer_06.jpg\" target=\"_self\" data-large_image_width=\"600\" data-large_image_height=\"600\"  class=\"vc_single_image-wrapper   vc_box_border_grey layzr-bg dt-pswp-item\"   ><img decoding=\"async\" class=\"lazy-load vc_single_image-img\" src=\"data:image\/svg+xml;charset=utf-8,%3Csvg xmlns%3D'http%3A%2F%2Fwww.w3.org%2F2000%2Fsvg' viewBox%3D'0 0 400 300'%2F%3E\" data-src=\"https:\/\/treffer.com.br\/wp-content\/uploads\/2026\/03\/t_bot_treffer_06-400x300.jpg\" width=\"400\" height=\"300\" alt=\"t_bot_treffer_06\" title=\"t_bot_treffer_06\" loading=\"lazy\"  data-dt-location=\"https:\/\/treffer.com.br\/en\/robotica\/robos-autonomos-fabricacao-propria\/t_bot_treffer_06\/\" \/><\/a>\n\t\t<\/figure>\n\t<\/div>\n\n\t<div  class=\"wpb_single_image wpb_content_element vc_align_center\">\n\t\t\n\t\t<figure class=\"wpb_wrapper vc_figure\">\n\t\t\t<a href=\"https:\/\/treffer.com.br\/wp-content\/uploads\/2026\/03\/t_bot_treffer_07.jpg\" target=\"_self\" data-large_image_width=\"600\" data-large_image_height=\"600\"  class=\"vc_single_image-wrapper   vc_box_border_grey layzr-bg dt-pswp-item\"   ><img decoding=\"async\" class=\"lazy-load vc_single_image-img\" src=\"data:image\/svg+xml;charset=utf-8,%3Csvg xmlns%3D'http%3A%2F%2Fwww.w3.org%2F2000%2Fsvg' viewBox%3D'0 0 400 300'%2F%3E\" data-src=\"https:\/\/treffer.com.br\/wp-content\/uploads\/2026\/03\/t_bot_treffer_07-400x300.jpg\" width=\"400\" height=\"300\" alt=\"t_bot_treffer_07\" title=\"t_bot_treffer_07\" loading=\"lazy\"  data-dt-location=\"https:\/\/treffer.com.br\/en\/robotica\/robos-autonomos-fabricacao-propria\/t_bot_treffer_07\/\" \/><\/a>\n\t\t<\/figure>\n\t<\/div>\n<\/div><\/div><\/div><\/div><\/div><!-- Row Backgrounds --><div class=\"upb_color\" data-bg-override=\"0\" data-bg-color=\"\" data-fadeout=\"\" data-fadeout-percentage=\"30\" data-parallax-content=\"\" data-parallax-content-sense=\"30\" data-row-effect-mobile-disable=\"true\" data-img-parallax-mobile-disable=\"true\" data-rtl=\"false\"  data-custom-vc-row=\"\"  data-vc=\"8.7.2\"  data-is_old_vc=\"\"  data-theme-support=\"\"   data-overlay=\"false\" data-overlay-color=\"\" data-overlay-pattern=\"\" data-overlay-pattern-opacity=\"\" data-overlay-pattern-size=\"\"    ><\/div><div class=\"vc_row wpb_row vc_row-fluid vc_custom_1698704967180\"><div class=\"wpb_column vc_column_container vc_col-sm-12\"><div class=\"vc_column-inner\"><div class=\"wpb_wrapper\">\n\t<div class=\"wpb_text_column wpb_content_element\" >\n\t\t<div class=\"wpb_wrapper\">\n\t\t\t<h3 class=\"\" data-start=\"2188\" data-end=\"2221\"><strong data-start=\"2192\" data-end=\"2221\">Por que escolher o T-Bot?<\/strong><\/h3>\n<ul data-start=\"2222\" data-end=\"2505\">\n<li class=\"\" data-start=\"2222\" data-end=\"2270\">\n<p class=\"\" data-start=\"2224\" data-end=\"2270\">Redu\u00e7\u00e3o de risco humano em \u00e1reas perigosas<\/p>\n<\/li>\n<li class=\"\" data-start=\"2271\" data-end=\"2329\">\n<p class=\"\" data-start=\"2273\" data-end=\"2329\">Opera\u00e7\u00e3o cont\u00ednua e precisa, com dados em tempo real<\/p>\n<\/li>\n<li class=\"\" data-start=\"2330\" data-end=\"2387\">\n<p class=\"\" data-start=\"2332\" data-end=\"2387\">Modularidade para adaptar o rob\u00f4 conforme o desafio<\/p>\n<\/li>\n<li class=\"\" data-start=\"2388\" data-end=\"2431\">\n<p class=\"\" data-start=\"2390\" data-end=\"2431\">Tecnologia nacional com suporte local<\/p>\n<\/li>\n<li class=\"\" data-start=\"2432\" data-end=\"2505\">\n<p class=\"\" data-start=\"2434\" data-end=\"2505\">Op\u00e7\u00f5es de <strong data-start=\"2446\" data-end=\"2455\">venda<\/strong> ou <strong data-start=\"2459\" data-end=\"2482\">loca\u00e7\u00e3o customizada<\/strong> conforme a sua demanda<\/p>\n<\/li>\n<\/ul>\n<p class=\"\" data-start=\"2549\" data-end=\"2764\">A Treffer oferece solu\u00e7\u00f5es completas, com <strong data-start=\"2591\" data-end=\"2643\">personaliza\u00e7\u00e3o de sensores, c\u00e2meras e acess\u00f3rios<\/strong>, al\u00e9m de treinamentos operacionais e suporte t\u00e9cnico especializado.<\/p>\n\n\t\t<\/div>\n\t<\/div>\n<\/div><\/div><\/div><\/div><div class=\"vc_row wpb_row vc_row-fluid vc_custom_1699030430847\"><div class=\"wpb_column vc_column_container vc_col-sm-12\"><div class=\"vc_column-inner\"><div class=\"wpb_wrapper\"><div id=\"ultimate-heading-119369e00f881677d\" class=\"uvc-heading ult-adjust-bottom-margin ultimate-heading-119369e00f881677d uvc-3088 color-title accent-title-color\" data-hspacer=\"no_spacer\"  data-halign=\"center\" style=\"text-align:center\"><div class=\"uvc-heading-spacer no_spacer\" style=\"top\"><\/div><div class=\"uvc-main-heading ult-responsive\"  data-ultimate-target='.uvc-heading.ultimate-heading-119369e00f881677d h2'  data-responsive-json-new='{\"font-size\":\"desktop:30px;tablet_portrait:20px;\",\"line-height\":\"\"}' ><h2 style=\"font-family:&#039;Open Sans Condensed&#039;;font-weight:700;\">Learn more about our autonomous robots and drones<\/h2><\/div><\/div><style type=\"text\/css\" data-type=\"the7_shortcodes-inline-css\">#default-btn-080ec1d0e3b10705d51eb7c5c0b5236f.ico-right-side > i {\n  margin-right: 0px;\n  margin-left: 8px;\n}\n#default-btn-080ec1d0e3b10705d51eb7c5c0b5236f > i {\n  margin-right: 8px;\n}<\/style><div class=\"btn-align-center\"><a href=\"https:\/\/treffer.com.br\/en\/contato\/\" class=\"default-btn-shortcode dt-btn dt-btn-m link-hover-off  vc_custom_1747752289716\" id=\"default-btn-080ec1d0e3b10705d51eb7c5c0b5236f\" title=\"Contact\"><span>SOLICITE UMA DEMONSTRA\u00c7\u00c3O<\/span><\/a><\/div><\/div><\/div><\/div><\/div><!-- Row Backgrounds --><div class=\"upb_color\" data-bg-override=\"ex-full\" data-bg-color=\"\" data-fadeout=\"\" data-fadeout-percentage=\"30\" data-parallax-content=\"\" data-parallax-content-sense=\"30\" data-row-effect-mobile-disable=\"true\" data-img-parallax-mobile-disable=\"true\" data-rtl=\"false\"  data-custom-vc-row=\"\"  data-vc=\"8.7.2\"  data-is_old_vc=\"\"  data-theme-support=\"\"   data-overlay=\"false\" data-overlay-color=\"\" data-overlay-pattern=\"\" data-overlay-pattern-opacity=\"\" data-overlay-pattern-size=\"\"    ><\/div>\n<\/div>","protected":false},"excerpt":{"rendered":"<p>T-Bot \u2013 Plataforma rob\u00f3tica inteligente para inspe\u00e7\u00e3o e manuseio A Treffer apresenta o T-Bot, uma plataforma rob\u00f3tica terrestre de alto desempenho projetada para operar em ambientes cr\u00edticos e desafiadores. Fabricado no Brasil, o T-Bot \u00e9 uma solu\u00e7\u00e3o vers\u00e1til e robusta voltada para inspe\u00e7\u00f5es remotas, transporte de cargas leves, mapeamentos e a\u00e7\u00f5es de monitoramento em locais&hellip;<\/p>","protected":false},"author":1,"featured_media":0,"parent":2329,"menu_order":100,"comment_status":"closed","ping_status":"closed","template":"","meta":{"rs_blank_template":"","rs_page_bg_color":"","slide_template_v7":"","footnotes":""},"class_list":["post-2915","page","type-page","status-publish","hentry","description-off"],"_links":{"self":[{"href":"https:\/\/treffer.com.br\/en\/wp-json\/wp\/v2\/pages\/2915","targetHints":{"allow":["GET"]}}],"collection":[{"href":"https:\/\/treffer.com.br\/en\/wp-json\/wp\/v2\/pages"}],"about":[{"href":"https:\/\/treffer.com.br\/en\/wp-json\/wp\/v2\/types\/page"}],"author":[{"embeddable":true,"href":"https:\/\/treffer.com.br\/en\/wp-json\/wp\/v2\/users\/1"}],"replies":[{"embeddable":true,"href":"https:\/\/treffer.com.br\/en\/wp-json\/wp\/v2\/comments?post=2915"}],"version-history":[{"count":15,"href":"https:\/\/treffer.com.br\/en\/wp-json\/wp\/v2\/pages\/2915\/revisions"}],"predecessor-version":[{"id":4668,"href":"https:\/\/treffer.com.br\/en\/wp-json\/wp\/v2\/pages\/2915\/revisions\/4668"}],"up":[{"embeddable":true,"href":"https:\/\/treffer.com.br\/en\/wp-json\/wp\/v2\/pages\/2329"}],"wp:attachment":[{"href":"https:\/\/treffer.com.br\/en\/wp-json\/wp\/v2\/media?parent=2915"}],"curies":[{"name":"wp","href":"https:\/\/api.w.org\/{rel}","templated":true}]}}