{"id":2329,"date":"2023-11-03T16:17:52","date_gmt":"2023-11-03T16:17:52","guid":{"rendered":"https:\/\/treffer.com.br\/?page_id=2329"},"modified":"2026-03-24T14:34:11","modified_gmt":"2026-03-24T14:34:11","slug":"robotica","status":"publish","type":"page","link":"https:\/\/treffer.com.br\/en\/robotica\/","title":{"rendered":"Robotics"},"content":{"rendered":"<div class=\"wpb-content-wrapper\"><div class=\"vc_row wpb_row vc_row-fluid vc_custom_1498212582492\"><div class=\"wpb_column vc_column_container vc_col-sm-3\"><div class=\"vc_column-inner vc_custom_1498211177630\"><div class=\"wpb_wrapper\"><div class=\"vc-hoverbox-wrapper  vc_custom_1699649360400 vc-hoverbox-shape--rounded vc-hoverbox-align--center vc-hoverbox-direction--default vc-hoverbox-width--100\"  ontouchstart=\"\">\n  <div class=\"vc-hoverbox\">\n    <div class=\"vc-hoverbox-inner\">\n      <div class=\"vc-hoverbox-block vc-hoverbox-front\" style=\"background-image: url(https:\/\/treffer.com.br\/wp-content\/uploads\/2023\/11\/Auterion.jpg);\">\n        <div class=\"vc-hoverbox-block-inner vc-hoverbox-front-inner\">\n            \n        <\/div>\n      <\/div>\n      <div class=\"vc-hoverbox-block vc-hoverbox-back\" style=\"background-color: #ebebeb;\">\n        <div class=\"vc-hoverbox-block-inner vc-hoverbox-back-inner\">\n            \n            <p><a href=\"https:\/\/treffer.com.br\/en\/robotica\/computador-de-bordo-autonomo-auterion\/\"><img loading=\"lazy\" decoding=\"async\" class=\"alignnone size-medium wp-image-2939\" src=\"https:\/\/treffer.com.br\/wp-content\/uploads\/2023\/11\/auterion_logo-300x115.png\" alt=\"\" width=\"300\" height=\"115\" srcset=\"https:\/\/treffer.com.br\/wp-content\/uploads\/2023\/11\/auterion_logo-300x115.png 300w, https:\/\/treffer.com.br\/wp-content\/uploads\/2023\/11\/auterion_logo.png 340w\" sizes=\"auto, (max-width: 300px) 100vw, 300px\" \/><\/a><\/p>\n\n            \n        <\/div>\n      <\/div>\n    <\/div>\n  <\/div>\n<\/div><span id=\"creative-link-wrap-8740\" class=\"ult_main_cl ult-adjust-bottom-margin\" >\n\t \t\t\t<span class=\"ult_crlink\" >\n\t\t\t\t\t<a  data-ultimate-target='#creative-link-wrap-8740 .ult_colorlink'  data-responsive-json-new='{\"font-size\":\"desktop:18px;\",\"line-height\":\"desktop:20px;\"}'  href=\"https:\/\/treffer.com.br\/en\/robotica\/computador-de-bordo-autonomo-auterion\/\" title=\"Standalone Onboard Computer \u2013 Auterion\"  class=\"ult_colorlink ult-responsive  vc_custom_1699926370600\" style=\"font-family:Open Sans Condensed;font-weight:700; \"  data-textcolor=\"#213962\" data-texthover=\"#ffb536\"data-style=\"\">\n\t\t\t\t\t\t\n\t\t\t\t\t\t<span data-hover=\"Computador de bordo autonomo - Auterion\" style=\"color:#213962;;;\" class=\"ult_btn10_span\">Standalone Onboard Computer \u2013 Auterion<\/span>\n\t\t\t\t\t\t\n\t\t\t\t\t<\/a>\n\t\t\t\t<\/span>\n\t\t\t<\/span><style type=\"text\/css\" data-type=\"the7_shortcodes-inline-css\">#default-btn-d3b147e5e1eccfa33beeaa640e5d0c0b.ico-right-side > i {\n  margin-right: 0px;\n  margin-left: 8px;\n}\n#default-btn-d3b147e5e1eccfa33beeaa640e5d0c0b > i {\n  margin-right: 8px;\n}<\/style><div class=\"btn-align-center\"><a href=\"https:\/\/treffer.com.br\/en\/robotica\/computador-de-bordo-autonomo-auterion\/\" class=\"default-btn-shortcode dt-btn dt-btn-m link-hover-off\" id=\"default-btn-d3b147e5e1eccfa33beeaa640e5d0c0b\" title=\"Standalone Onboard Computer \u2013 Auterion\"><span>LEARN MORE<\/span><\/a><\/div><\/div><\/div><\/div><div class=\"wpb_column vc_column_container vc_col-sm-3\"><div class=\"vc_column-inner vc_custom_1498211173058\"><div class=\"wpb_wrapper\"><div class=\"vc-hoverbox-wrapper  vc_custom_1762353219335 vc-hoverbox-shape--rounded vc-hoverbox-align--center vc-hoverbox-direction--default vc-hoverbox-width--100\"  ontouchstart=\"\">\n  <div class=\"vc-hoverbox\">\n    <div class=\"vc-hoverbox-inner\">\n      <div class=\"vc-hoverbox-block vc-hoverbox-front\" style=\"background-image: url(https:\/\/treffer.com.br\/wp-content\/uploads\/2025\/11\/TREFFER-11-1024x1024.png);\">\n        <div class=\"vc-hoverbox-block-inner vc-hoverbox-front-inner\">\n            \n        <\/div>\n      <\/div>\n      <div class=\"vc-hoverbox-block vc-hoverbox-back\" style=\"background-color: #ebebeb;\">\n        <div class=\"vc-hoverbox-block-inner vc-hoverbox-back-inner\">\n            \n            <p><a href=\"https:\/\/treffer.com.br\/en\/robotica\/drone-subaquatico-tethys\/\"><img loading=\"lazy\" decoding=\"async\" class=\"alignnone size-medium wp-image-3009\" src=\"https:\/\/treffer.com.br\/wp-content\/uploads\/2025\/03\/Tethys_logo.png\" alt=\"\" width=\"300\" height=\"115\" \/><\/a><\/p>\n\n            \n        <\/div>\n      <\/div>\n    <\/div>\n  <\/div>\n<\/div><span id=\"creative-link-wrap-4254\" class=\"ult_main_cl ult-adjust-bottom-margin\" >\n\t \t\t\t<span class=\"ult_crlink\" >\n\t\t\t\t\t<a  data-ultimate-target='#creative-link-wrap-4254 .ult_colorlink'  data-responsive-json-new='{\"font-size\":\"desktop:18px;\",\"line-height\":\"desktop:20px;\"}'  href=\"https:\/\/treffer.com.br\/en\/robotica\/drone-subaquatico-tethys\/\" title=\"Autonomous Robots - Own Manufactured\"  class=\"ult_colorlink ult-responsive  vc_custom_1743211712193\" style=\"font-family:Open Sans Condensed;font-weight:700; \"  data-textcolor=\"#1f365c\" data-texthover=\"#ff9f1a\"data-style=\"\">\n\t\t\t\t\t\t\n\t\t\t\t\t\t<span data-hover=\"Drone Subaquatico - Tethys\" style=\"color:#1f365c;;;\" class=\"ult_btn10_span\">Underwater Drone - Tethys<\/span>\n\t\t\t\t\t\t\n\t\t\t\t\t<\/a>\n\t\t\t\t<\/span>\n\t\t\t<\/span><style type=\"text\/css\" data-type=\"the7_shortcodes-inline-css\">#default-btn-66b71ce4588906aad42708307f94863e.ico-right-side > i {\n  margin-right: 0px;\n  margin-left: 8px;\n}\n#default-btn-66b71ce4588906aad42708307f94863e > i {\n  margin-right: 8px;\n}<\/style><div class=\"btn-align-center\"><a href=\"https:\/\/treffer.com.br\/en\/robotica\/drone-subaquatico-tethys\/\" class=\"default-btn-shortcode dt-btn dt-btn-m link-hover-off\" id=\"default-btn-66b71ce4588906aad42708307f94863e\" title=\"Rob\u00f4s Aut\u00f4nomoas \u2013 Fabrica\u00e7\u00e3o Pr\u00f3pria\"><span>LEARN MORE<\/span><\/a><\/div><\/div><\/div><\/div><div class=\"wpb_column vc_column_container vc_col-sm-3\"><div class=\"vc_column-inner vc_custom_1498211168626\"><div class=\"wpb_wrapper\"><div class=\"vc-hoverbox-wrapper  vc_custom_1743450673063 vc-hoverbox-shape--rounded vc-hoverbox-align--center vc-hoverbox-direction--default vc-hoverbox-width--100\"  ontouchstart=\"\">\n  <div class=\"vc-hoverbox\">\n    <div class=\"vc-hoverbox-inner\">\n      <div class=\"vc-hoverbox-block vc-hoverbox-front\" style=\"background-image: url(https:\/\/treffer.com.br\/wp-content\/uploads\/2025\/03\/Drone-Fotokite-Treffer-outside.jpg);\">\n        <div class=\"vc-hoverbox-block-inner vc-hoverbox-front-inner\">\n            \n        <\/div>\n      <\/div>\n      <div class=\"vc-hoverbox-block vc-hoverbox-back\" style=\"background-color: #ebebeb;\">\n        <div class=\"vc-hoverbox-block-inner vc-hoverbox-back-inner\">\n            \n            <p><a href=\"https:\/\/treffer.com.br\/en\/robotica\/drones-seguranca-publica-fotokite\/\"><img loading=\"lazy\" decoding=\"async\" class=\"alignnone size-medium wp-image-3009\" src=\"https:\/\/treffer.com.br\/wp-content\/uploads\/2025\/03\/fotokite_logo.png\" alt=\"\" width=\"300\" height=\"115\" \/><\/a><\/p>\n\n            \n        <\/div>\n      <\/div>\n    <\/div>\n  <\/div>\n<\/div><span id=\"creative-link-wrap-8285\" class=\"ult_main_cl ult-adjust-bottom-margin\" >\n\t \t\t\t<span class=\"ult_crlink\" >\n\t\t\t\t\t<a  data-ultimate-target='#creative-link-wrap-8285 .ult_colorlink'  data-responsive-json-new='{\"font-size\":\"desktop:18px;\",\"line-height\":\"desktop:20px;\"}'  href=\"https:\/\/treffer.com.br\/en\/robotica\/drones-seguranca-publica-fotokite\/\" title=\"Autonomous Robots - Own Manufactured\"  class=\"ult_colorlink ult-responsive  vc_custom_1743382695462\" style=\"font-family:Open Sans Condensed;font-weight:700; \"  data-textcolor=\"#1f365c\" data-texthover=\"#ff9f1a\"data-style=\"\">\n\t\t\t\t\t\t\n\t\t\t\t\t\t<span data-hover=\"Drone de Seguran\u00e7a P\u00fablica \u2013 Fotokite\" style=\"color:#1f365c;;;\" class=\"ult_btn10_span\">Public Safety Drone \u2013 Fotokite<\/span>\n\t\t\t\t\t\t\n\t\t\t\t\t<\/a>\n\t\t\t\t<\/span>\n\t\t\t<\/span><style type=\"text\/css\" data-type=\"the7_shortcodes-inline-css\">#default-btn-8552046b383ed16fd12c6c40a04c079e.ico-right-side > i {\n  margin-right: 0px;\n  margin-left: 8px;\n}\n#default-btn-8552046b383ed16fd12c6c40a04c079e > i {\n  margin-right: 8px;\n}<\/style><div class=\"btn-align-center\"><a href=\"https:\/\/treffer.com.br\/en\/robotica\/drones-seguranca-publica-fotokite\/\" class=\"default-btn-shortcode dt-btn dt-btn-m link-hover-off\" id=\"default-btn-8552046b383ed16fd12c6c40a04c079e\" title=\"Rob\u00f4s Aut\u00f4nomoas \u2013 Fabrica\u00e7\u00e3o Pr\u00f3pria\"><span>LEARN MORE<\/span><\/a><\/div><\/div><\/div><\/div><div class=\"wpb_column vc_column_container vc_col-sm-3\"><div class=\"vc_column-inner\"><div class=\"wpb_wrapper\"><div class=\"vc-hoverbox-wrapper  vc_custom_1762353240038 vc-hoverbox-shape--rounded vc-hoverbox-align--center vc-hoverbox-direction--default vc-hoverbox-width--100\"  ontouchstart=\"\">\n  <div class=\"vc-hoverbox\">\n    <div class=\"vc-hoverbox-inner\">\n      <div class=\"vc-hoverbox-block vc-hoverbox-front\" style=\"background-image: url(https:\/\/treffer.com.br\/wp-content\/uploads\/2025\/11\/TREFFER-12-1024x1024.png);\">\n        <div class=\"vc-hoverbox-block-inner vc-hoverbox-front-inner\">\n            \n        <\/div>\n      <\/div>\n      <div class=\"vc-hoverbox-block vc-hoverbox-back\" style=\"background-color: #ebebeb;\">\n        <div class=\"vc-hoverbox-block-inner vc-hoverbox-back-inner\">\n            \n            <p><a href=\"https:\/\/treffer.com.br\/en\/robotica\/robos-autonomos-fabricacao-propria\/\"><img loading=\"lazy\" decoding=\"async\" class=\"alignnone size-medium wp-image-3009\" src=\"https:\/\/treffer.com.br\/wp-content\/uploads\/2023\/11\/treffer_logo-300x115.png\" alt=\"\" width=\"300\" height=\"115\" srcset=\"https:\/\/treffer.com.br\/wp-content\/uploads\/2023\/11\/treffer_logo-300x115.png 300w, https:\/\/treffer.com.br\/wp-content\/uploads\/2023\/11\/treffer_logo.png 340w\" sizes=\"auto, (max-width: 300px) 100vw, 300px\" \/><\/a><\/p>\n\n            \n        <\/div>\n      <\/div>\n    <\/div>\n  <\/div>\n<\/div><span id=\"creative-link-wrap-3082\" class=\"ult_main_cl ult-adjust-bottom-margin\" >\n\t \t\t\t<span class=\"ult_crlink\" >\n\t\t\t\t\t<a  data-ultimate-target='#creative-link-wrap-3082 .ult_colorlink'  data-responsive-json-new='{\"font-size\":\"desktop:18px;\",\"line-height\":\"desktop:20px;\"}'  href=\"https:\/\/treffer.com.br\/en\/robotica\/robos-autonomos-fabricacao-propria\/\" title=\"Autonomous Robots - Own Manufactured\"  class=\"ult_colorlink ult-responsive  vc_custom_1701719606617\" style=\"font-family:Open Sans Condensed;font-weight:700; \"  data-textcolor=\"#1f365c\" data-texthover=\"#ff9f1a\"data-style=\"\">\n\t\t\t\t\t\t\n\t\t\t\t\t\t<span data-hover=\"Rob\u00f4s Aut\u00f4nomoas - Fabrica\u00e7\u00e3o Pr\u00f3pria\" style=\"color:#1f365c;;;\" class=\"ult_btn10_span\">Autonomous Robots - Own Manufactured<\/span>\n\t\t\t\t\t\t\n\t\t\t\t\t<\/a>\n\t\t\t\t<\/span>\n\t\t\t<\/span><style type=\"text\/css\" data-type=\"the7_shortcodes-inline-css\">#default-btn-bd080ec8499f28de2bd11c4eda3857e6.ico-right-side > i {\n  margin-right: 0px;\n  margin-left: 8px;\n}\n#default-btn-bd080ec8499f28de2bd11c4eda3857e6 > i {\n  margin-right: 8px;\n}<\/style><div class=\"btn-align-center\"><a href=\"https:\/\/treffer.com.br\/en\/robotica\/robos-autonomos-fabricacao-propria\/\" class=\"default-btn-shortcode dt-btn dt-btn-m link-hover-off\" id=\"default-btn-bd080ec8499f28de2bd11c4eda3857e6\" title=\"Rob\u00f4s Aut\u00f4nomoas \u2013 Fabrica\u00e7\u00e3o Pr\u00f3pria\"><span>LEARN MORE<\/span><\/a><\/div><\/div><\/div><\/div><\/div><div class=\"vc_row wpb_row vc_row-fluid vc_custom_1498212582492\"><div class=\"wpb_column vc_column_container vc_col-sm-3\"><div class=\"vc_column-inner vc_custom_1498211177630\"><div class=\"wpb_wrapper\"><div class=\"vc-hoverbox-wrapper  vc_custom_1774362840172 vc-hoverbox-shape--rounded vc-hoverbox-align--center vc-hoverbox-direction--default vc-hoverbox-width--100\"  ontouchstart=\"\">\n  <div class=\"vc-hoverbox\">\n    <div class=\"vc-hoverbox-inner\">\n      <div class=\"vc-hoverbox-block vc-hoverbox-front\" style=\"background-image: url(https:\/\/treffer.com.br\/wp-content\/uploads\/2026\/03\/TREFFER-1024x1024.png);\">\n        <div class=\"vc-hoverbox-block-inner vc-hoverbox-front-inner\">\n            \n        <\/div>\n      <\/div>\n      <div class=\"vc-hoverbox-block vc-hoverbox-back\" style=\"background-color: #ebebeb;\">\n        <div class=\"vc-hoverbox-block-inner vc-hoverbox-back-inner\">\n            \n            <p><a href=\"https:\/\/treffer.com.br\/en\/robotica\/plataforma-aerea-autonoma-para-missoes-estrategicas\/\"><img loading=\"lazy\" decoding=\"async\" class=\"alignnone size-medium wp-image-3009\" src=\"https:\/\/treffer.com.br\/wp-content\/uploads\/2023\/11\/treffer_logo-300x115.png\" alt=\"\" width=\"300\" height=\"115\" srcset=\"https:\/\/treffer.com.br\/wp-content\/uploads\/2023\/11\/treffer_logo-300x115.png 300w, https:\/\/treffer.com.br\/wp-content\/uploads\/2023\/11\/treffer_logo.png 340w\" sizes=\"auto, (max-width: 300px) 100vw, 300px\" \/><\/a><\/p>\n\n            \n        <\/div>\n      <\/div>\n    <\/div>\n  <\/div>\n<\/div><span id=\"creative-link-wrap-4331\" class=\"ult_main_cl ult-adjust-bottom-margin\" >\n\t \t\t\t<span class=\"ult_crlink\" >\n\t\t\t\t\t<a  data-ultimate-target='#creative-link-wrap-4331 .ult_colorlink'  data-responsive-json-new='{\"font-size\":\"desktop:18px;\",\"line-height\":\"desktop:20px;\"}'  href=\"https:\/\/treffer.com.br\/en\/robotica\/plataforma-aerea-autonoma-para-missoes-estrategicas\/\" title=\"Drone para miss\u00f5es estrat\u00e9gicas \u2013 T-Drone\"  class=\"ult_colorlink ult-responsive  vc_custom_1773948719475\" style=\"font-family:Open Sans Condensed;font-weight:700; \"  data-textcolor=\"#213962\" data-texthover=\"#ffb536\"data-style=\"\">\n\t\t\t\t\t\t\n\t\t\t\t\t\t<span data-hover=\"Drone para miss\u00f5es estrat\u00e9gicas \u2013 T-Drone\" style=\"color:#213962;;;\" class=\"ult_btn10_span\">Drone para miss\u00f5es estrat\u00e9gicas \u2013 T-Drone<\/span>\n\t\t\t\t\t\t\n\t\t\t\t\t<\/a>\n\t\t\t\t<\/span>\n\t\t\t<\/span><style type=\"text\/css\" data-type=\"the7_shortcodes-inline-css\">#default-btn-97717ade6fe5b5b249ab0d17a0419b0a.ico-right-side > i {\n  margin-right: 0px;\n  margin-left: 8px;\n}\n#default-btn-97717ade6fe5b5b249ab0d17a0419b0a > i {\n  margin-right: 8px;\n}<\/style><div class=\"btn-align-center\"><a href=\"https:\/\/treffer.com.br\/en\/robotica\/plataforma-aerea-autonoma-para-missoes-estrategicas\/\" class=\"default-btn-shortcode dt-btn dt-btn-m link-hover-off\" id=\"default-btn-97717ade6fe5b5b249ab0d17a0419b0a\" title=\"Drone para miss\u00f5es estrat\u00e9gicas \u2013 T-Drone\"><span>LEARN MORE<\/span><\/a><\/div><\/div><\/div><\/div><div class=\"wpb_column vc_column_container vc_col-sm-3\"><div class=\"vc_column-inner vc_custom_1498211173058\"><div class=\"wpb_wrapper\"><\/div><\/div><\/div><div class=\"wpb_column vc_column_container vc_col-sm-3\"><div class=\"vc_column-inner vc_custom_1498211168626\"><div class=\"wpb_wrapper\"><\/div><\/div><\/div><div class=\"wpb_column vc_column_container vc_col-sm-3\"><div class=\"vc_column-inner\"><div class=\"wpb_wrapper\"><\/div><\/div><\/div><\/div><div class=\"vc_row wpb_row vc_row-fluid vc_custom_1498212491956\"><div class=\"wpb_column vc_column_container vc_col-sm-12\"><div class=\"vc_column-inner\"><div class=\"wpb_wrapper\"><div id=\"ultimate-heading-129169e023666a132\" class=\"uvc-heading ult-adjust-bottom-margin ultimate-heading-129169e023666a132 uvc-9270 color-title accent-title-color\" data-hspacer=\"no_spacer\"  data-halign=\"center\" style=\"text-align:center\"><div class=\"uvc-heading-spacer no_spacer\" style=\"top\"><\/div><div class=\"uvc-main-heading ult-responsive\"  data-ultimate-target='.uvc-heading.ultimate-heading-129169e023666a132 h2'  data-responsive-json-new='{\"font-size\":\"desktop:40px;tablet_portrait:20px;\",\"line-height\":\"desktop:46px;tablet_portrait:26px;\"}' ><h2 style=\"font-family:&#039;Open Sans Condensed&#039;;font-weight:700;margin-bottom:10px;\">WE ARE AT YOUR DISPOSAL!<\/h2><\/div><div class=\"uvc-sub-heading ult-responsive\"  data-ultimate-target='.uvc-heading.ultimate-heading-129169e023666a132 .uvc-sub-heading '  data-responsive-json-new='{\"font-size\":\"desktop:48px;tablet_portrait:40px;\",\"line-height\":\"desktop:55px;tablet_portrait:46px;\"}'  style=\"font-family:&#039;Open Sans Condensed&#039;;font-weight:700;\">We will be pleased to assist you in finding<br \/>\nthe best solution for your project.<\/div><\/div><style type=\"text\/css\" data-type=\"the7_shortcodes-inline-css\">#default-btn-602549f2bbdb40c1f85781671fbefcc1.ico-right-side > i {\n  margin-right: 0px;\n  margin-left: 8px;\n}\n#default-btn-602549f2bbdb40c1f85781671fbefcc1 > i {\n  margin-right: 8px;\n}<\/style><div class=\"btn-align-center\"><a href=\"https:\/\/treffer.com.br\/en\/contato\/\" class=\"default-btn-shortcode dt-btn dt-btn-l link-hover-off  vc_custom_1699923764118\" id=\"default-btn-602549f2bbdb40c1f85781671fbefcc1\" style=\"width:400px;\" title=\"Contact\"><span>get in touch<\/span><\/a><\/div><\/div><\/div><\/div><\/div><!-- Row Backgrounds --><div class=\"upb_color\" data-bg-override=\"ex-full\" data-bg-color=\"#f5f5f5\" data-fadeout=\"\" data-fadeout-percentage=\"30\" data-parallax-content=\"\" data-parallax-content-sense=\"30\" data-row-effect-mobile-disable=\"true\" data-img-parallax-mobile-disable=\"true\" data-rtl=\"false\"  data-custom-vc-row=\"\"  data-vc=\"8.7.2\"  data-is_old_vc=\"\"  data-theme-support=\"\"   data-overlay=\"false\" data-overlay-color=\"\" data-overlay-pattern=\"\" data-overlay-pattern-opacity=\"\" data-overlay-pattern-size=\"\"    ><\/div>\n<\/div>","protected":false},"excerpt":{"rendered":"<p>Computador de bordo autonomo &#8211; Auterion Drone Subaquatico &#8211; Tethys Drone de Seguran\u00e7a P\u00fablica \u2013 Fotokite Rob\u00f4s Aut\u00f4nomoas &#8211; Fabrica\u00e7\u00e3o Pr\u00f3pria Drone para miss\u00f5es estrat\u00e9gicas \u2013 T-Drone Estamos \u00e0 disposi\u00e7\u00e3o!Teremos o prazer de auxili\u00e1-lo na busca pela melhor solu\u00e7\u00e3o para o seu projeto<\/p>","protected":false},"author":1,"featured_media":0,"parent":0,"menu_order":300,"comment_status":"closed","ping_status":"closed","template":"","meta":{"rs_blank_template":"","rs_page_bg_color":"","slide_template_v7":"","footnotes":""},"class_list":["post-2329","page","type-page","status-publish","hentry","description-off"],"_links":{"self":[{"href":"https:\/\/treffer.com.br\/en\/wp-json\/wp\/v2\/pages\/2329","targetHints":{"allow":["GET"]}}],"collection":[{"href":"https:\/\/treffer.com.br\/en\/wp-json\/wp\/v2\/pages"}],"about":[{"href":"https:\/\/treffer.com.br\/en\/wp-json\/wp\/v2\/types\/page"}],"author":[{"embeddable":true,"href":"https:\/\/treffer.com.br\/en\/wp-json\/wp\/v2\/users\/1"}],"replies":[{"embeddable":true,"href":"https:\/\/treffer.com.br\/en\/wp-json\/wp\/v2\/comments?post=2329"}],"version-history":[{"count":33,"href":"https:\/\/treffer.com.br\/en\/wp-json\/wp\/v2\/pages\/2329\/revisions"}],"predecessor-version":[{"id":4689,"href":"https:\/\/treffer.com.br\/en\/wp-json\/wp\/v2\/pages\/2329\/revisions\/4689"}],"wp:attachment":[{"href":"https:\/\/treffer.com.br\/en\/wp-json\/wp\/v2\/media?parent=2329"}],"curies":[{"name":"wp","href":"https:\/\/api.w.org\/{rel}","templated":true}]}}