{"id":1594,"date":"2016-01-29T10:13:23","date_gmt":"2016-01-29T10:13:23","guid":{"rendered":"https:\/\/the7.io\/beauty-studio\/?page_id=7"},"modified":"2025-09-12T17:34:29","modified_gmt":"2025-09-12T17:34:29","slug":"automacao-industrial","status":"publish","type":"page","link":"https:\/\/treffer.com.br\/en\/automacao-industrial\/","title":{"rendered":"Industrial Automation"},"content":{"rendered":"<div class=\"wpb-content-wrapper\"><div class=\"vc_row wpb_row vc_row-fluid\"><div class=\"wpb_column vc_column_container vc_col-sm-3\"><div class=\"vc_column-inner vc_custom_1498211177630\"><div class=\"wpb_wrapper\"><div class=\"vc-hoverbox-wrapper  vc_custom_1701980255763 vc-hoverbox-shape--rounded vc-hoverbox-align--center vc-hoverbox-direction--default vc-hoverbox-width--100\"  ontouchstart=\"\">\n  <div class=\"vc-hoverbox\">\n    <div class=\"vc-hoverbox-inner\">\n      <div class=\"vc-hoverbox-block vc-hoverbox-front\" style=\"background-image: url(https:\/\/treffer.com.br\/wp-content\/uploads\/2023\/11\/Acutronic.jpg);\">\n        <div class=\"vc-hoverbox-block-inner vc-hoverbox-front-inner\">\n            \n        <\/div>\n      <\/div>\n      <div class=\"vc-hoverbox-block vc-hoverbox-back\" style=\"background-color: #ebebeb;\">\n        <div class=\"vc-hoverbox-block-inner vc-hoverbox-back-inner\">\n            \n            <p><a href=\"https:\/\/treffer.com.br\/en\/automacao-industrial\/plataformas-de-simulacao-de-movimento-acutronic\/\"><img loading=\"lazy\" decoding=\"async\" class=\"alignnone size-medium wp-image-2515\" src=\"https:\/\/treffer.com.br\/wp-content\/uploads\/2023\/11\/acutronic_logo-300x115.png\" alt=\"\" width=\"300\" height=\"115\" srcset=\"https:\/\/treffer.com.br\/wp-content\/uploads\/2023\/11\/acutronic_logo-300x115.png 300w, https:\/\/treffer.com.br\/wp-content\/uploads\/2023\/11\/acutronic_logo.png 340w\" sizes=\"auto, (max-width: 300px) 100vw, 300px\" \/><\/a><\/p>\n\n            \n        <\/div>\n      <\/div>\n    <\/div>\n  <\/div>\n<\/div><span id=\"creative-link-wrap-3904\" class=\"ult_main_cl ult-adjust-bottom-margin\" >\n\t \t\t\t<span class=\"ult_crlink\" >\n\t\t\t\t\t<a  data-ultimate-target='#creative-link-wrap-3904 .ult_colorlink'  data-responsive-json-new='{\"font-size\":\"desktop:18px;\",\"line-height\":\"desktop:20px;\"}'  href=\"https:\/\/treffer.com.br\/en\/automacao-industrial\/plataformas-de-simulacao-de-movimento-acutronic\/\" title=\"Motion Simulation Platforms \u2013 Acutronic\"  class=\"ult_colorlink ult-responsive  vc_custom_1699923175803\" style=\"font-family:Open Sans Condensed;font-weight:700; \"  data-textcolor=\"#1f365c\" data-texthover=\"#ffb536\"data-style=\"\">\n\t\t\t\t\t\t\n\t\t\t\t\t\t<span data-hover=\"Plataformas de Simula\u00e7\u00e3o de Movimento - Acutronic\" style=\"color:#1f365c;;;\" class=\"ult_btn10_span\">Motion Simulation Platforms \u2013 Acutronic<\/span>\n\t\t\t\t\t\t\n\t\t\t\t\t<\/a>\n\t\t\t\t<\/span>\n\t\t\t<\/span><style type=\"text\/css\" data-type=\"the7_shortcodes-inline-css\">#default-btn-9de44813d7052b07339fc0090830616a.ico-right-side > i {\n  margin-right: 0px;\n  margin-left: 8px;\n}\n#default-btn-9de44813d7052b07339fc0090830616a > i {\n  margin-right: 8px;\n}<\/style><div class=\"btn-align-center\"><a href=\"https:\/\/treffer.com.br\/en\/automacao-industrial\/plataformas-de-simulacao-de-movimento-acutronic\/\" class=\"default-btn-shortcode dt-btn dt-btn-m link-hover-off\" id=\"default-btn-9de44813d7052b07339fc0090830616a\" title=\"Motion Simulation Platforms \u2013 Acutronic\"><span>LEARN MORE<\/span><\/a><\/div><\/div><\/div><\/div><div class=\"wpb_column vc_column_container vc_col-sm-3\"><div class=\"vc_column-inner vc_custom_1498211173058\"><div class=\"wpb_wrapper\"><div class=\"vc-hoverbox-wrapper  vc_custom_1699923267982 vc-hoverbox-shape--rounded vc-hoverbox-align--center vc-hoverbox-direction--default vc-hoverbox-width--100\"  ontouchstart=\"\">\n  <div class=\"vc-hoverbox\">\n    <div class=\"vc-hoverbox-inner\">\n      <div class=\"vc-hoverbox-block vc-hoverbox-front\" style=\"background-image: url(https:\/\/treffer.com.br\/wp-content\/uploads\/2023\/11\/Civitanavi.jpg);\">\n        <div class=\"vc-hoverbox-block-inner vc-hoverbox-front-inner\">\n            \n        <\/div>\n      <\/div>\n      <div class=\"vc-hoverbox-block vc-hoverbox-back\" style=\"background-color: #ebebeb;\">\n        <div class=\"vc-hoverbox-block-inner vc-hoverbox-back-inner\">\n            \n            <p><a href=\"https:\/\/treffer.com.br\/en\/automacao-industrial\/navegadores-inerciais-civitanavi\/\"><img loading=\"lazy\" decoding=\"async\" class=\"alignnone size-medium wp-image-2516\" src=\"https:\/\/treffer.com.br\/wp-content\/uploads\/2023\/11\/civitanavi_logo-300x115.png\" alt=\"\" width=\"300\" height=\"115\" srcset=\"https:\/\/treffer.com.br\/wp-content\/uploads\/2023\/11\/civitanavi_logo-300x115.png 300w, https:\/\/treffer.com.br\/wp-content\/uploads\/2023\/11\/civitanavi_logo.png 340w\" sizes=\"auto, (max-width: 300px) 100vw, 300px\" \/><\/a><\/p>\n\n            \n        <\/div>\n      <\/div>\n    <\/div>\n  <\/div>\n<\/div><span id=\"creative-link-wrap-5025\" class=\"ult_main_cl ult-adjust-bottom-margin\" >\n\t \t\t\t<span class=\"ult_crlink\" >\n\t\t\t\t\t<a  data-ultimate-target='#creative-link-wrap-5025 .ult_colorlink'  data-responsive-json-new='{\"font-size\":\"desktop:18px;\",\"line-height\":\"desktop:20px;\"}'  href=\"https:\/\/treffer.com.br\/en\/automacao-industrial\/navegadores-inerciais-civitanavi\/\" title=\"Inertial Browsers \u2013 Civitanavi\"  class=\"ult_colorlink ult-responsive  vc_custom_1699923234594\" style=\"font-family:Open Sans Condensed;font-weight:700; \"  data-textcolor=\"#1f365c\" data-texthover=\"#ffb536\"data-style=\"\">\n\t\t\t\t\t\t\n\t\t\t\t\t\t<span data-hover=\"Navegadores Inerciais - Civitanavi\" style=\"color:#1f365c;;;\" class=\"ult_btn10_span\">Inertial Browsers \u2013 Civitanavi<\/span>\n\t\t\t\t\t\t\n\t\t\t\t\t<\/a>\n\t\t\t\t<\/span>\n\t\t\t<\/span><style type=\"text\/css\" data-type=\"the7_shortcodes-inline-css\">#default-btn-0bed5ee5447d6cb14a2cfb9ae13d22c0.ico-right-side > i {\n  margin-right: 0px;\n  margin-left: 8px;\n}\n#default-btn-0bed5ee5447d6cb14a2cfb9ae13d22c0 > i {\n  margin-right: 8px;\n}<\/style><div class=\"btn-align-center\"><a href=\"https:\/\/treffer.com.br\/en\/automacao-industrial\/navegadores-inerciais-civitanavi\/\" class=\"default-btn-shortcode dt-btn dt-btn-m link-hover-off\" id=\"default-btn-0bed5ee5447d6cb14a2cfb9ae13d22c0\" title=\"Inertial Browsers \u2013 Civitanavi\"><span>LEARN MORE<\/span><\/a><\/div><\/div><\/div><\/div><div class=\"wpb_column vc_column_container vc_col-sm-3\"><div class=\"vc_column-inner vc_custom_1498211168626\"><div class=\"wpb_wrapper\"><div class=\"vc-hoverbox-wrapper  vc_custom_1757698384735 vc-hoverbox-shape--rounded vc-hoverbox-align--center vc-hoverbox-direction--default vc-hoverbox-width--100\"  ontouchstart=\"\">\n  <div class=\"vc-hoverbox\">\n    <div class=\"vc-hoverbox-inner\">\n      <div class=\"vc-hoverbox-block vc-hoverbox-front\" style=\"background-image: url(https:\/\/treffer.com.br\/wp-content\/uploads\/2025\/09\/TREFFER-1-1024x1024.png);\">\n        <div class=\"vc-hoverbox-block-inner vc-hoverbox-front-inner\">\n            \n        <\/div>\n      <\/div>\n      <div class=\"vc-hoverbox-block vc-hoverbox-back\" style=\"background-color: #ebebeb;\">\n        <div class=\"vc-hoverbox-block-inner vc-hoverbox-back-inner\">\n            \n            <p><img loading=\"lazy\" decoding=\"async\" class=\"alignnone size-medium wp-image-4248\" src=\"https:\/\/treffer.com.br\/wp-content\/uploads\/2025\/09\/TREFFER-2-300x300.png\" alt=\"\" width=\"300\" height=\"300\" srcset=\"https:\/\/treffer.com.br\/wp-content\/uploads\/2025\/09\/TREFFER-2-300x300.png 300w, https:\/\/treffer.com.br\/wp-content\/uploads\/2025\/09\/TREFFER-2-1024x1024.png 1024w, https:\/\/treffer.com.br\/wp-content\/uploads\/2025\/09\/TREFFER-2-150x150.png 150w, https:\/\/treffer.com.br\/wp-content\/uploads\/2025\/09\/TREFFER-2-768x768.png 768w, https:\/\/treffer.com.br\/wp-content\/uploads\/2025\/09\/TREFFER-2-1536x1536.png 1536w, https:\/\/treffer.com.br\/wp-content\/uploads\/2025\/09\/TREFFER-2-12x12.png 12w, https:\/\/treffer.com.br\/wp-content\/uploads\/2025\/09\/TREFFER-2.png 1654w\" sizes=\"auto, (max-width: 300px) 100vw, 300px\" \/><\/p>\n\n            \n        <\/div>\n      <\/div>\n    <\/div>\n  <\/div>\n<\/div><span id=\"creative-link-wrap-2938\" class=\"ult_main_cl ult-adjust-bottom-margin\" >\n\t \t\t\t<span class=\"ult_crlink\" >\n\t\t\t\t\t<a  data-ultimate-target='#creative-link-wrap-2938 .ult_colorlink'  data-responsive-json-new='{\"font-size\":\"desktop:18px;\",\"line-height\":\"desktop:20px;\"}'  href=\"https:\/\/treffer.com.br\/en\/automacao-industrial\/redutores-harmonicos-de-alta-precisao\/\" title=\"High-Precision Harmonic Reducers\"  class=\"ult_colorlink ult-responsive  vc_custom_1757698464662\" style=\"font-family:Open Sans Condensed;font-weight:700; \"  data-textcolor=\"#1f365c\" data-texthover=\"#ffb536\"data-style=\"\">\n\t\t\t\t\t\t\n\t\t\t\t\t\t<span data-hover=\"Redutores Harm\u00f4nicos - Leader Drive\" style=\"color:#1f365c;;;\" class=\"ult_btn10_span\">Redutores Harm\u00f4nicos - Leader Drive<\/span>\n\t\t\t\t\t\t\n\t\t\t\t\t<\/a>\n\t\t\t\t<\/span>\n\t\t\t<\/span><style type=\"text\/css\" data-type=\"the7_shortcodes-inline-css\">#default-btn-0d96ad04b2dd90fb0a0b200cc1ae608d.ico-right-side > i {\n  margin-right: 0px;\n  margin-left: 8px;\n}\n#default-btn-0d96ad04b2dd90fb0a0b200cc1ae608d > i {\n  margin-right: 8px;\n}<\/style><div class=\"btn-align-center\"><a href=\"https:\/\/treffer.com.br\/en\/automacao-industrial\/redutores-harmonicos-de-alta-precisao\/\" class=\"default-btn-shortcode dt-btn dt-btn-m link-hover-off\" id=\"default-btn-0d96ad04b2dd90fb0a0b200cc1ae608d\" title=\"Precision Reduction Gears - Harmonic Drive\"><span>LEARN MORE<\/span><\/a><\/div><\/div><\/div><\/div><div class=\"wpb_column vc_column_container vc_col-sm-3\"><div class=\"vc_column-inner\"><div class=\"wpb_wrapper\"><div class=\"vc-hoverbox-wrapper  vc_custom_1699923350510 vc-hoverbox-shape--rounded vc-hoverbox-align--center vc-hoverbox-direction--default vc-hoverbox-width--100\"  ontouchstart=\"\">\n  <div class=\"vc-hoverbox\">\n    <div class=\"vc-hoverbox-inner\">\n      <div class=\"vc-hoverbox-block vc-hoverbox-front\" style=\"background-image: url(https:\/\/treffer.com.br\/wp-content\/uploads\/2023\/11\/Maxon.jpg);\">\n        <div class=\"vc-hoverbox-block-inner vc-hoverbox-front-inner\">\n            \n        <\/div>\n      <\/div>\n      <div class=\"vc-hoverbox-block vc-hoverbox-back\" style=\"background-color: #ebebeb;\">\n        <div class=\"vc-hoverbox-block-inner vc-hoverbox-back-inner\">\n            \n            <p><a href=\"https:\/\/treffer.com.br\/en\/automacao-industrial\/motores-redutores-drives-e-controladores-maxon\/\"><img loading=\"lazy\" decoding=\"async\" class=\"alignnone size-medium wp-image-2518\" src=\"https:\/\/treffer.com.br\/wp-content\/uploads\/2023\/11\/maxon_logo-300x115.png\" alt=\"\" width=\"300\" height=\"115\" srcset=\"https:\/\/treffer.com.br\/wp-content\/uploads\/2023\/11\/maxon_logo-300x115.png 300w, https:\/\/treffer.com.br\/wp-content\/uploads\/2023\/11\/maxon_logo.png 340w\" sizes=\"auto, (max-width: 300px) 100vw, 300px\" \/><\/a><\/p>\n\n            \n        <\/div>\n      <\/div>\n    <\/div>\n  <\/div>\n<\/div><span id=\"creative-link-wrap-2167\" class=\"ult_main_cl ult-adjust-bottom-margin\" >\n\t \t\t\t<span class=\"ult_crlink\" >\n\t\t\t\t\t<a  data-ultimate-target='#creative-link-wrap-2167 .ult_colorlink'  data-responsive-json-new='{\"font-size\":\"desktop:18px;\",\"line-height\":\"desktop:20px;\"}'  href=\"https:\/\/treffer.com.br\/en\/automacao-industrial\/motores-redutores-drives-e-controladores-maxon\/\" title=\"Motors, Reducers, Drives and Controllers \u2013 Maxon\"  class=\"ult_colorlink ult-responsive  vc_custom_1699923324378\" style=\"font-family:Open Sans Condensed;font-weight:700; \"  data-textcolor=\"#213962\" data-texthover=\"#ffb536\"data-style=\"\">\n\t\t\t\t\t\t\n\t\t\t\t\t\t<span data-hover=\"Motores, Redutores, Drives e Controladores - Maxon\" style=\"color:#213962;;;\" class=\"ult_btn10_span\">Motors, Reducers, Drives and Controllers \u2013 Maxon<\/span>\n\t\t\t\t\t\t\n\t\t\t\t\t<\/a>\n\t\t\t\t<\/span>\n\t\t\t<\/span><style type=\"text\/css\" data-type=\"the7_shortcodes-inline-css\">#default-btn-d34e53fe91891e9df65a3cbe09c1f7b8.ico-right-side > i {\n  margin-right: 0px;\n  margin-left: 8px;\n}\n#default-btn-d34e53fe91891e9df65a3cbe09c1f7b8 > i {\n  margin-right: 8px;\n}<\/style><div class=\"btn-align-center\"><a href=\"https:\/\/treffer.com.br\/en\/automacao-industrial\/motores-redutores-drives-e-controladores-maxon\/\" class=\"default-btn-shortcode dt-btn dt-btn-m link-hover-off\" id=\"default-btn-d34e53fe91891e9df65a3cbe09c1f7b8\" title=\"Motors, Reducers, Drives and Controllers \u2013 Maxon\"><span>LEARN MORE<\/span><\/a><\/div><\/div><\/div><\/div><\/div><div class=\"vc_row wpb_row vc_row-fluid vc_custom_1498212582492\"><div class=\"wpb_column vc_column_container vc_col-sm-3\"><div class=\"vc_column-inner vc_custom_1498211177630\"><div class=\"wpb_wrapper\"><div class=\"vc-hoverbox-wrapper  vc_custom_1699923401119 vc-hoverbox-shape--rounded vc-hoverbox-align--center vc-hoverbox-direction--default vc-hoverbox-width--100\"  ontouchstart=\"\">\n  <div class=\"vc-hoverbox\">\n    <div class=\"vc-hoverbox-inner\">\n      <div class=\"vc-hoverbox-block vc-hoverbox-front\" style=\"background-image: url(https:\/\/treffer.com.br\/wp-content\/uploads\/2023\/11\/Micronor.jpg);\">\n        <div class=\"vc-hoverbox-block-inner vc-hoverbox-front-inner\">\n            \n        <\/div>\n      <\/div>\n      <div class=\"vc-hoverbox-block vc-hoverbox-back\" style=\"background-color: #ebebeb;\">\n        <div class=\"vc-hoverbox-block-inner vc-hoverbox-back-inner\">\n            \n            <p><a href=\"https:\/\/treffer.com.br\/en\/automacao-industrial\/sensores-opticos-e-de-fibra-optica-micronor\/\"><img loading=\"lazy\" decoding=\"async\" class=\"alignnone size-medium wp-image-2519\" src=\"https:\/\/treffer.com.br\/wp-content\/uploads\/2023\/11\/micronor_logo-300x115.png\" alt=\"\" width=\"300\" height=\"115\" srcset=\"https:\/\/treffer.com.br\/wp-content\/uploads\/2023\/11\/micronor_logo-300x115.png 300w, https:\/\/treffer.com.br\/wp-content\/uploads\/2023\/11\/micronor_logo.png 340w\" sizes=\"auto, (max-width: 300px) 100vw, 300px\" \/><\/a><\/p>\n\n            \n        <\/div>\n      <\/div>\n    <\/div>\n  <\/div>\n<\/div><span id=\"creative-link-wrap-8235\" class=\"ult_main_cl ult-adjust-bottom-margin\" >\n\t \t\t\t<span class=\"ult_crlink\" >\n\t\t\t\t\t<a  data-ultimate-target='#creative-link-wrap-8235 .ult_colorlink'  data-responsive-json-new='{\"font-size\":\"desktop:18px;\",\"line-height\":\"desktop:20px;\"}'  href=\"https:\/\/treffer.com.br\/en\/automacao-industrial\/sensores-opticos-e-de-fibra-optica-micronor\/\" title=\"Optical and Fiber Optic Sensors \u2013 Micronor\"  class=\"ult_colorlink ult-responsive  vc_custom_1699923369850\" style=\"font-family:Open Sans Condensed;font-weight:700; \"  data-textcolor=\"#1f365c\" data-texthover=\"#ff9f1a\"data-style=\"\">\n\t\t\t\t\t\t\n\t\t\t\t\t\t<span data-hover=\"Sensores \u00d3pticos e de Fibra \u00d3ptica - Micronor\" style=\"color:#1f365c;;;\" class=\"ult_btn10_span\">Optical and Fiber Optic Sensors \u2013 Micronor<\/span>\n\t\t\t\t\t\t\n\t\t\t\t\t<\/a>\n\t\t\t\t<\/span>\n\t\t\t<\/span><style type=\"text\/css\" data-type=\"the7_shortcodes-inline-css\">#default-btn-7f973379327dbb91fb5170df9382bde7.ico-right-side > i {\n  margin-right: 0px;\n  margin-left: 8px;\n}\n#default-btn-7f973379327dbb91fb5170df9382bde7 > i {\n  margin-right: 8px;\n}<\/style><div class=\"btn-align-center\"><a href=\"https:\/\/treffer.com.br\/en\/automacao-industrial\/sensores-opticos-e-de-fibra-optica-micronor\/\" class=\"default-btn-shortcode dt-btn dt-btn-m link-hover-off\" id=\"default-btn-7f973379327dbb91fb5170df9382bde7\" title=\"Optical and Fiber Optic Sensors \u2013 Micronor\"><span>LEARN MORE<\/span><\/a><\/div><\/div><\/div><\/div><div class=\"wpb_column vc_column_container vc_col-sm-3\"><div class=\"vc_column-inner vc_custom_1498211173058\"><div class=\"wpb_wrapper\"><div class=\"vc-hoverbox-wrapper  vc_custom_1699923455721 vc-hoverbox-shape--rounded vc-hoverbox-align--center vc-hoverbox-direction--default vc-hoverbox-width--100\"  ontouchstart=\"\">\n  <div class=\"vc-hoverbox\">\n    <div class=\"vc-hoverbox-inner\">\n      <div class=\"vc-hoverbox-block vc-hoverbox-front\" style=\"background-image: url(https:\/\/treffer.com.br\/wp-content\/uploads\/2023\/11\/Parvalux.jpg);\">\n        <div class=\"vc-hoverbox-block-inner vc-hoverbox-front-inner\">\n            \n        <\/div>\n      <\/div>\n      <div class=\"vc-hoverbox-block vc-hoverbox-back\" style=\"background-color: #ebebeb;\">\n        <div class=\"vc-hoverbox-block-inner vc-hoverbox-back-inner\">\n            \n            <p><a href=\"https:\/\/treffer.com.br\/en\/automacao-industrial\/sistemas-de-acionamento-parvalux\/\"><img loading=\"lazy\" decoding=\"async\" class=\"alignnone size-medium wp-image-2521\" src=\"https:\/\/treffer.com.br\/wp-content\/uploads\/2023\/11\/parvalux_logo-300x115.png\" alt=\"\" width=\"300\" height=\"115\" srcset=\"https:\/\/treffer.com.br\/wp-content\/uploads\/2023\/11\/parvalux_logo-300x115.png 300w, https:\/\/treffer.com.br\/wp-content\/uploads\/2023\/11\/parvalux_logo.png 340w\" sizes=\"auto, (max-width: 300px) 100vw, 300px\" \/><\/a><\/p>\n\n            \n        <\/div>\n      <\/div>\n    <\/div>\n  <\/div>\n<\/div><span id=\"creative-link-wrap-4798\" class=\"ult_main_cl ult-adjust-bottom-margin\" >\n\t \t\t\t<span class=\"ult_crlink\" >\n\t\t\t\t\t<a  data-ultimate-target='#creative-link-wrap-4798 .ult_colorlink'  data-responsive-json-new='{\"font-size\":\"desktop:18px;\",\"line-height\":\"desktop:20px;\"}'  href=\"https:\/\/treffer.com.br\/en\/automacao-industrial\/sistemas-de-acionamento-parvalux\/\" title=\"Drive Systems \u2013 Parvalux\"  class=\"ult_colorlink ult-responsive  vc_custom_1699923416449\" style=\"font-family:Open Sans Condensed;font-weight:700; \"  data-textcolor=\"#1f365c\" data-texthover=\"#ff9f1a\"data-style=\"\">\n\t\t\t\t\t\t\n\t\t\t\t\t\t<span data-hover=\"Sistemas de Acionamento - Parvalux\" style=\"color:#1f365c;;;\" class=\"ult_btn10_span\">Drive Systems \u2013 Parvalux<\/span>\n\t\t\t\t\t\t\n\t\t\t\t\t<\/a>\n\t\t\t\t<\/span>\n\t\t\t<\/span><style type=\"text\/css\" data-type=\"the7_shortcodes-inline-css\">#default-btn-213a5f37a69ba9b27d18739adb4ca320.ico-right-side > i {\n  margin-right: 0px;\n  margin-left: 8px;\n}\n#default-btn-213a5f37a69ba9b27d18739adb4ca320 > i {\n  margin-right: 8px;\n}<\/style><div class=\"btn-align-center\"><a href=\"https:\/\/treffer.com.br\/en\/automacao-industrial\/sistemas-de-acionamento-parvalux\/\" class=\"default-btn-shortcode dt-btn dt-btn-m link-hover-off\" id=\"default-btn-213a5f37a69ba9b27d18739adb4ca320\" title=\"Drive Systems \u2013 Parvalux\"><span>LEARN MORE<\/span><\/a><\/div><\/div><\/div><\/div><div class=\"wpb_column vc_column_container vc_col-sm-3\"><div class=\"vc_column-inner vc_custom_1498211168626\"><div class=\"wpb_wrapper\"><div class=\"vc-hoverbox-wrapper  vc_custom_1699923525385 vc-hoverbox-shape--rounded vc-hoverbox-align--center vc-hoverbox-direction--default vc-hoverbox-width--100\"  ontouchstart=\"\">\n  <div class=\"vc-hoverbox\">\n    <div class=\"vc-hoverbox-inner\">\n      <div class=\"vc-hoverbox-block vc-hoverbox-front\" style=\"background-image: url(https:\/\/treffer.com.br\/wp-content\/uploads\/2023\/11\/Vectornav.jpg);\">\n        <div class=\"vc-hoverbox-block-inner vc-hoverbox-front-inner\">\n            \n        <\/div>\n      <\/div>\n      <div class=\"vc-hoverbox-block vc-hoverbox-back\" style=\"background-color: #ebebeb;\">\n        <div class=\"vc-hoverbox-block-inner vc-hoverbox-back-inner\">\n            \n            <p><a href=\"https:\/\/treffer.com.br\/en\/automacao-industrial\/sensores-inerciais-vectornav\/\"><img loading=\"lazy\" decoding=\"async\" class=\"alignnone size-medium wp-image-2522\" src=\"https:\/\/treffer.com.br\/wp-content\/uploads\/2023\/11\/vectornav_logo-300x115.png\" alt=\"\" width=\"300\" height=\"115\" srcset=\"https:\/\/treffer.com.br\/wp-content\/uploads\/2023\/11\/vectornav_logo-300x115.png 300w, https:\/\/treffer.com.br\/wp-content\/uploads\/2023\/11\/vectornav_logo.png 340w\" sizes=\"auto, (max-width: 300px) 100vw, 300px\" \/><\/a><\/p>\n\n            \n        <\/div>\n      <\/div>\n    <\/div>\n  <\/div>\n<\/div><span id=\"creative-link-wrap-5391\" class=\"ult_main_cl ult-adjust-bottom-margin\" >\n\t \t\t\t<span class=\"ult_crlink\" >\n\t\t\t\t\t<a  data-ultimate-target='#creative-link-wrap-5391 .ult_colorlink'  data-responsive-json-new='{\"font-size\":\"desktop:18px;\",\"line-height\":\"desktop:20px;\"}'  href=\"https:\/\/treffer.com.br\/en\/automacao-industrial\/sensores-inerciais-vectornav\/\" title=\"Inertial Sensors \u2013 Vectornav\"  class=\"ult_colorlink ult-responsive  vc_custom_1699923470103\" style=\"font-family:Open Sans Condensed;font-weight:700; \"  data-textcolor=\"#1f365c\" data-texthover=\"#ff9f1a\"data-style=\"\">\n\t\t\t\t\t\t\n\t\t\t\t\t\t<span data-hover=\"Sensores Inerciais - Vectornav\" style=\"color:#1f365c;;;\" class=\"ult_btn10_span\">Inertial Sensors \u2013 Vectornav<\/span>\n\t\t\t\t\t\t\n\t\t\t\t\t<\/a>\n\t\t\t\t<\/span>\n\t\t\t<\/span><style type=\"text\/css\" data-type=\"the7_shortcodes-inline-css\">#default-btn-90b66e84d2252ea8208a6eae5c6a7a96.ico-right-side > i {\n  margin-right: 0px;\n  margin-left: 8px;\n}\n#default-btn-90b66e84d2252ea8208a6eae5c6a7a96 > i {\n  margin-right: 8px;\n}<\/style><div class=\"btn-align-center\"><a href=\"https:\/\/treffer.com.br\/en\/automacao-industrial\/sensores-inerciais-vectornav\/\" class=\"default-btn-shortcode dt-btn dt-btn-m link-hover-off\" id=\"default-btn-90b66e84d2252ea8208a6eae5c6a7a96\" title=\"Inertial Sensors \u2013 Vectornav\"><span>LEARN MORE<\/span><\/a><\/div><\/div><\/div><\/div><div class=\"wpb_column vc_column_container vc_col-sm-3\"><div class=\"vc_column-inner\"><div class=\"wpb_wrapper\"><\/div><\/div><\/div><\/div><div class=\"vc_row wpb_row vc_row-fluid vc_custom_1498212491956\"><div class=\"wpb_column vc_column_container vc_col-sm-12\"><div class=\"vc_column-inner\"><div class=\"wpb_wrapper\"><div id=\"ultimate-heading-679969e01121e97eb\" class=\"uvc-heading ult-adjust-bottom-margin ultimate-heading-679969e01121e97eb uvc-2399 color-title accent-title-color\" data-hspacer=\"no_spacer\"  data-halign=\"center\" style=\"text-align:center\"><div class=\"uvc-heading-spacer no_spacer\" style=\"top\"><\/div><div class=\"uvc-main-heading ult-responsive\"  data-ultimate-target='.uvc-heading.ultimate-heading-679969e01121e97eb h2'  data-responsive-json-new='{\"font-size\":\"desktop:40px;tablet_portrait:20px;\",\"line-height\":\"desktop:46px;tablet_portrait:26px;\"}' ><h2 style=\"font-family:&#039;Open Sans Condensed&#039;;font-weight:700;margin-bottom:10px;\">WE ARE AT YOUR DISPOSAL!<\/h2><\/div><div class=\"uvc-sub-heading ult-responsive\"  data-ultimate-target='.uvc-heading.ultimate-heading-679969e01121e97eb .uvc-sub-heading '  data-responsive-json-new='{\"font-size\":\"desktop:48px;tablet_portrait:40px;\",\"line-height\":\"desktop:55px;tablet_portrait:46px;\"}'  style=\"font-family:&#039;Open Sans Condensed&#039;;font-weight:700;\">We will be pleased to assist you in finding<br \/>\nthe best solution for your project.<\/div><\/div><style type=\"text\/css\" data-type=\"the7_shortcodes-inline-css\">#default-btn-59afdc2adfd56248ab6f96aa1c15592c.ico-right-side > i {\n  margin-right: 0px;\n  margin-left: 8px;\n}\n#default-btn-59afdc2adfd56248ab6f96aa1c15592c > i {\n  margin-right: 8px;\n}<\/style><div class=\"btn-align-center\"><a href=\"https:\/\/treffer.com.br\/en\/contato\/\" class=\"default-btn-shortcode dt-btn dt-btn-l link-hover-off  vc_custom_1699923541264\" id=\"default-btn-59afdc2adfd56248ab6f96aa1c15592c\" style=\"width:400px;\" title=\"Contact\"><span>get in touch<\/span><\/a><\/div><\/div><\/div><\/div><\/div><!-- Row Backgrounds --><div class=\"upb_color\" data-bg-override=\"ex-full\" data-bg-color=\"#f5f5f5\" data-fadeout=\"\" data-fadeout-percentage=\"30\" data-parallax-content=\"\" data-parallax-content-sense=\"30\" data-row-effect-mobile-disable=\"true\" data-img-parallax-mobile-disable=\"true\" data-rtl=\"false\"  data-custom-vc-row=\"\"  data-vc=\"8.7.2\"  data-is_old_vc=\"\"  data-theme-support=\"\"   data-overlay=\"false\" data-overlay-color=\"\" data-overlay-pattern=\"\" data-overlay-pattern-opacity=\"\" data-overlay-pattern-size=\"\"    ><\/div>\n<\/div>","protected":false},"excerpt":{"rendered":"<p>Plataformas de Simula\u00e7\u00e3o de Movimento &#8211; Acutronic Navegadores Inerciais &#8211; Civitanavi Redutores Harm\u00f4nicos &#8211; Leader Drive Motores, Redutores, Drives e Controladores &#8211; Maxon Sensores \u00d3pticos e de Fibra \u00d3ptica &#8211; Micronor Sistemas de Acionamento &#8211; Parvalux Sensores Inerciais &#8211; Vectornav Estamos \u00e0 disposi\u00e7\u00e3o!Teremos o prazer de auxili\u00e1-lo na busca pela melhor solu\u00e7\u00e3o para o seu&hellip;<\/p>","protected":false},"author":1,"featured_media":0,"parent":0,"menu_order":300,"comment_status":"closed","ping_status":"closed","template":"","meta":{"rs_blank_template":"","rs_page_bg_color":"","slide_template_v7":"","footnotes":""},"class_list":["post-1594","page","type-page","status-publish","hentry","description-off"],"_links":{"self":[{"href":"https:\/\/treffer.com.br\/en\/wp-json\/wp\/v2\/pages\/1594","targetHints":{"allow":["GET"]}}],"collection":[{"href":"https:\/\/treffer.com.br\/en\/wp-json\/wp\/v2\/pages"}],"about":[{"href":"https:\/\/treffer.com.br\/en\/wp-json\/wp\/v2\/types\/page"}],"author":[{"embeddable":true,"href":"https:\/\/treffer.com.br\/en\/wp-json\/wp\/v2\/users\/1"}],"replies":[{"embeddable":true,"href":"https:\/\/treffer.com.br\/en\/wp-json\/wp\/v2\/comments?post=1594"}],"version-history":[{"count":57,"href":"https:\/\/treffer.com.br\/en\/wp-json\/wp\/v2\/pages\/1594\/revisions"}],"predecessor-version":[{"id":4251,"href":"https:\/\/treffer.com.br\/en\/wp-json\/wp\/v2\/pages\/1594\/revisions\/4251"}],"wp:attachment":[{"href":"https:\/\/treffer.com.br\/en\/wp-json\/wp\/v2\/media?parent=1594"}],"curies":[{"name":"wp","href":"https:\/\/api.w.org\/{rel}","templated":true}]}}